{"id":18,"date":"2017-09-14T08:47:13","date_gmt":"2017-09-14T08:47:13","guid":{"rendered":"http:\/\/inventa.fidesol.org\/?page_id=18"},"modified":"2018-03-02T10:54:59","modified_gmt":"2018-03-02T10:54:59","slug":"acerca-de","status":"publish","type":"page","link":"https:\/\/inventa.fidesol.org\/index.php\/acerca-de\/","title":{"rendered":"Informaci\u00f3n Institucional"},"content":{"rendered":"<p><strong>\u00bfQu\u00e9 es Fidesol?<\/strong><\/p>\n<p>Fundaci\u00f3n I+D del Software Libre, Fidesol, es una entidad sin \u00e1nimo de lucro y un Centro de Investigaci\u00f3n y Desarrollo centrado en las Tecnolog\u00edas de la Informaci\u00f3n y la Comunicaci\u00f3n. Fidesol trabaja y se esfuerza para promover y fomentar la investigaci\u00f3n, el desarrollo y la difusi\u00f3n de herramientas y servicios basados en est\u00e1ndares y tecnolog\u00edas abiertos.<\/p>\n<p>As\u00ed mismo, por el car\u00e1cter de innovaci\u00f3n continua de su actividad, es de vital importancia para ella la realizaci\u00f3n de acciones de vigilancia, prospectiva y transferencia tecnol\u00f3gica, as\u00ed como de acciones de formaci\u00f3n, difusi\u00f3n y colaboraci\u00f3n con otras entidades p\u00fablicas y privadas, tanto del \u00e1mbito nacional como internacional.<\/p>\n<p>M\u00e1s informaci\u00f3n en:<\/p>\n<p><a href=\"http:\/\/www.fidesol.org\">http:\/\/www.fidesol.org<\/a><\/p>\n","protected":false},"excerpt":{"rendered":"<p>\u00bfQu\u00e9 es Fidesol? Fundaci\u00f3n I+D del Software Libre, Fidesol, es una entidad sin \u00e1nimo de&hellip;<\/p>\n","protected":false},"author":1,"featured_media":84,"parent":0,"menu_order":0,"comment_status":"closed","ping_status":"closed","template":"","meta":[],"_links":{"self":[{"href":"https:\/\/inventa.fidesol.org\/index.php\/wp-json\/wp\/v2\/pages\/18"}],"collection":[{"href":"https:\/\/inventa.fidesol.org\/index.php\/wp-json\/wp\/v2\/pages"}],"about":[{"href":"https:\/\/inventa.fidesol.org\/index.php\/wp-json\/wp\/v2\/types\/page"}],"author":[{"embeddable":true,"href":"https:\/\/inventa.fidesol.org\/index.php\/wp-json\/wp\/v2\/users\/1"}],"replies":[{"embeddable":true,"href":"https:\/\/inventa.fidesol.org\/index.php\/wp-json\/wp\/v2\/comments?post=18"}],"version-history":[{"count":3,"href":"https:\/\/inventa.fidesol.org\/index.php\/wp-json\/wp\/v2\/pages\/18\/revisions"}],"predecessor-version":[{"id":86,"href":"https:\/\/inventa.fidesol.org\/index.php\/wp-json\/wp\/v2\/pages\/18\/revisions\/86"}],"wp:featuredmedia":[{"embeddable":true,"href":"https:\/\/inventa.fidesol.org\/index.php\/wp-json\/wp\/v2\/media\/84"}],"wp:attachment":[{"href":"https:\/\/inventa.fidesol.org\/index.php\/wp-json\/wp\/v2\/media?parent=18"}],"curies":[{"name":"wp","href":"https:\/\/api.w.org\/{rel}","templated":true}]}}