{"id":17,"date":"2017-09-14T08:47:13","date_gmt":"2017-09-14T08:47:13","guid":{"rendered":"http:\/\/inventa.fidesol.org\/?page_id=17"},"modified":"2019-01-16T13:21:00","modified_gmt":"2019-01-16T13:21:00","slug":"inicio","status":"publish","type":"page","link":"https:\/\/inventa.fidesol.org\/","title":{"rendered":"Inicio"},"content":{"rendered":"<p>INVENTA es una herramienta creativa para peque\u00f1os y mayores; para artistas, escritores, profesores, padres y cualquier persona capaz de so\u00f1ar e inventar historias incre\u00edbles.<\/p>\n<p>Accede a la <a href=\"http:\/\/inventaweb.fidesol.org\" target=\"_blank\" rel=\"noopener\">demo<\/a> del proyecto para empezar a crear tus historias y a compartirlas con los dem\u00e1s.<\/p>\n","protected":false},"excerpt":{"rendered":"<p>INVENTA es una herramienta creativa para peque\u00f1os y mayores; para artistas, escritores, profesores, padres y&hellip;<\/p>\n","protected":false},"author":1,"featured_media":103,"parent":0,"menu_order":0,"comment_status":"closed","ping_status":"closed","template":"","meta":[],"_links":{"self":[{"href":"https:\/\/inventa.fidesol.org\/index.php\/wp-json\/wp\/v2\/pages\/17"}],"collection":[{"href":"https:\/\/inventa.fidesol.org\/index.php\/wp-json\/wp\/v2\/pages"}],"about":[{"href":"https:\/\/inventa.fidesol.org\/index.php\/wp-json\/wp\/v2\/types\/page"}],"author":[{"embeddable":true,"href":"https:\/\/inventa.fidesol.org\/index.php\/wp-json\/wp\/v2\/users\/1"}],"replies":[{"embeddable":true,"href":"https:\/\/inventa.fidesol.org\/index.php\/wp-json\/wp\/v2\/comments?post=17"}],"version-history":[{"count":5,"href":"https:\/\/inventa.fidesol.org\/index.php\/wp-json\/wp\/v2\/pages\/17\/revisions"}],"predecessor-version":[{"id":149,"href":"https:\/\/inventa.fidesol.org\/index.php\/wp-json\/wp\/v2\/pages\/17\/revisions\/149"}],"wp:featuredmedia":[{"embeddable":true,"href":"https:\/\/inventa.fidesol.org\/index.php\/wp-json\/wp\/v2\/media\/103"}],"wp:attachment":[{"href":"https:\/\/inventa.fidesol.org\/index.php\/wp-json\/wp\/v2\/media?parent=17"}],"curies":[{"name":"wp","href":"https:\/\/api.w.org\/{rel}","templated":true}]}}